{"id":1349,"date":"2025-11-27T13:53:12","date_gmt":"2025-11-27T13:53:12","guid":{"rendered":"https:\/\/w2.talat.es\/terms-of-use\/"},"modified":"2026-02-06T10:51:57","modified_gmt":"2026-02-06T10:51:57","slug":"terms-of-use","status":"publish","type":"page","link":"https:\/\/w2.talat.es\/es\/terms-of-use\/","title":{"rendered":"Legal Notice"},"content":{"rendered":"<div class=\"flex flex-col text-sm pb-25\">\n<article class=\"text-token-text-primary w-full focus:outline-none [--shadow-height:45px] has-data-writing-block:pointer-events-none has-data-writing-block:-mt-(--shadow-height) has-data-writing-block:pt-(--shadow-height) [&amp;:has([data-writing-block])&gt;*]:pointer-events-auto scroll-mt-[calc(var(--header-height)+min(200px,max(70px,20svh)))]\" dir=\"auto\" tabindex=\"-1\" data-turn-id=\"c1a99773-b287-4f0b-b5be-afda84cc00fd\" data-testid=\"conversation-turn-6\" data-scroll-anchor=\"true\" data-turn=\"assistant\">\n<div class=\"text-base my-auto mx-auto pb-10 [--thread-content-margin:--spacing(4)] @w-sm\/main:[--thread-content-margin:--spacing(6)] @w-lg\/main:[--thread-content-margin:--spacing(16)] px-(--thread-content-margin)\">\n<div class=\"[--thread-content-max-width:40rem] @w-lg\/main:[--thread-content-max-width:48rem] mx-auto max-w-(--thread-content-max-width) flex-1 group\/turn-messages focus-visible:outline-hidden relative flex w-full min-w-0 flex-col agent-turn\" tabindex=\"-1\">\n<div class=\"flex max-w-full flex-col grow\">\n<div class=\"min-h-8 text-message relative flex w-full flex-col items-end gap-2 text-start break-words whitespace-normal [.text-message+&amp;]:mt-1\" dir=\"auto\" data-message-author-role=\"assistant\" data-message-id=\"142da283-9b8c-4a24-af89-136a10bfe264\" data-message-model-slug=\"gpt-5-2\">\n<div class=\"flex w-full flex-col gap-1 empty:hidden first:pt-[1px]\">\n<div class=\"markdown prose dark:prose-invert w-full wrap-break-word light markdown-new-styling\">\n<h5 data-start=\"188\" data-end=\"206\">1. Titularidad<\/h5>\n<p data-start=\"208\" data-end=\"538\"><a class=\"decorated-link\" href=\"https:\/\/www.talat.es\/\" target=\"_new\" rel=\"noopener\" data-start=\"208\" data-end=\"229\">https:\/\/www.talat.es\/<\/a> es un dominio de Internet titularidad de <strong data-start=\"271\" data-end=\"316\">ESTUDIS EFICIENTS D&#8217;ENGINYERIA 2009, S.L.<\/strong>, con NIF <strong data-start=\"326\" data-end=\"339\">B57606527<\/strong>, y domicilio en <strong data-start=\"356\" data-end=\"413\">Calle Sa Coma, 2, 1\u00ba C, 07500 Manacor, Islas Baleares<\/strong>.<br data-start=\"414\" data-end=\"417\" \/>TALAT: <strong data-start=\"424\" data-end=\"458\">REGISTRO MERCANTIL DE BALEARES<\/strong>, TOMO 2377, FOLIO 184, LIBRO 0, HOJA N\u00ba PM-63656 (en adelante, el <strong data-start=\"525\" data-end=\"536\">Titular<\/strong>).<\/p>\n<p data-start=\"540\" data-end=\"789\"><strong data-start=\"540\" data-end=\"585\">ESTUDIS EFICIENTS D&#8217;ENGINYERIA 2009, S.L.<\/strong> es una empresa especializada en proyectos, certificados e investigaci\u00f3n, adaptados a las necesidades espec\u00edficas de cada cliente y que combinan conceptos de ingenier\u00eda, ahorro energ\u00e9tico y medioambiente.<\/p>\n<h5 data-start=\"796\" data-end=\"831\">2. Condiciones generales de uso<\/h5>\n<p data-start=\"833\" data-end=\"1315\">El acceso al Sitio Web implica que el Usuario declara aceptar el presente Aviso Legal con todas sus condiciones de uso. En cualquier caso, este Aviso Legal tiene car\u00e1cter obligatorio y vinculante; cualquier persona que no acepte sus condiciones deber\u00e1 abstenerse de utilizar el Sitio Web y\/o los servicios promovidos por el Titular a trav\u00e9s del mismo.<br data-start=\"1184\" data-end=\"1187\" \/>Estas condiciones no crean ning\u00fan contrato de sociedad, mandato, franquicia ni relaci\u00f3n laboral entre el Titular y los Usuarios.<\/p>\n<p data-start=\"1317\" data-end=\"1607\">El presente Aviso Legal regula el uso de este Sitio Web que el Titular pone a disposici\u00f3n de las personas que accedan al mismo con el fin de proporcionar informaci\u00f3n sobre sus propios servicios y\/o los de colaboradores externos, as\u00ed como facilitar el acceso y la contrataci\u00f3n de los mismos.<\/p>\n<h5 data-start=\"1614\" data-end=\"1637\">Normativa aplicable<\/h5>\n<p data-start=\"1639\" data-end=\"2341\">El presente Aviso Legal se somete a lo dispuesto en la <strong data-start=\"1694\" data-end=\"1738\">Ley Org\u00e1nica 15\/1999, de 13 de diciembre<\/strong>, de Protecci\u00f3n de Datos de Car\u00e1cter Personal, su Reglamento de desarrollo <strong data-start=\"1813\" data-end=\"1829\">RD 1720\/2007<\/strong>, el <strong data-start=\"1834\" data-end=\"1862\">Reglamento (UE) 2016\/679<\/strong> del Parlamento Europeo y del Consejo, de 27 de abril de 2016, relativo a la protecci\u00f3n de las personas f\u00edsicas en lo que respecta al tratamiento de datos personales y a la libre circulaci\u00f3n de estos datos (Reglamento General de Protecci\u00f3n de Datos), la <strong data-start=\"2116\" data-end=\"2131\">Ley 34\/2002<\/strong>, de 11 de julio, de Servicios de la Sociedad de la Informaci\u00f3n y de Comercio Electr\u00f3nico, el <strong data-start=\"2225\" data-end=\"2253\">Real Decreto-ley 13\/2012<\/strong>, de 30 de marzo, as\u00ed como cualquier normativa posterior que las modifique o desarrolle.<\/p>\n<p data-start=\"2343\" data-end=\"2848\">Tanto el acceso al Sitio Web titularidad del Titular como el uso que pueda hacerse de la informaci\u00f3n y contenidos incluidos en el mismo ser\u00e1n de exclusiva responsabilidad del Usuario.<br data-start=\"2526\" data-end=\"2529\" \/>Las condiciones de acceso al Sitio Web estar\u00e1n sometidas a la legalidad vigente y a los principios de buena fe y uso l\u00edcito por parte del Usuario, quedando prohibida con car\u00e1cter general cualquier actuaci\u00f3n en perjuicio del Titular. Queda expresamente prohibido el uso del Sitio Web con fines il\u00edcitos o no autorizados.<\/p>\n<h5 data-start=\"2855\" data-end=\"2900\">4. Modificaci\u00f3n de las condiciones de uso<\/h5>\n<p data-start=\"2902\" data-end=\"3261\">El Titular se reserva el derecho a modificar, en cualquier momento, la presentaci\u00f3n y configuraci\u00f3n del Sitio Web, as\u00ed como el presente Aviso Legal. Por ello, se recomienda al Usuario leerlos atentamente cada vez que acceda al Sitio Web.<br data-start=\"3139\" data-end=\"3142\" \/>El Aviso Legal estar\u00e1 siempre en un lugar visible y libremente accesible para cualquier consulta que se desee realizar.<\/p>\n<h5 data-start=\"3268\" data-end=\"3303\">5. Descripci\u00f3n de los servicios<\/h5>\n<p data-start=\"3305\" data-end=\"3430\"><a class=\"decorated-link\" href=\"http:\/\/www.talat.es\" target=\"_new\" rel=\"noopener\" data-start=\"3305\" data-end=\"3317\">www.talat.es<\/a> es el Sitio Web del Titular y tiene como finalidad servir de herramienta informativa de los servicios ofrecidos.<\/p>\n<h5 data-start=\"3437\" data-end=\"3455\">6. Terminaci\u00f3n<\/h5>\n<p data-start=\"3457\" data-end=\"3883\">El Titular se reserva el derecho a interrumpir o cancelar el Sitio Web o cualquiera de los servicios que se ofrecen a trav\u00e9s del mismo, en cualquier momento y sin previo aviso, por motivos t\u00e9cnicos o de cualquier otra \u00edndole, pudiendo asimismo modificar unilateralmente tanto las condiciones de acceso como la totalidad o parte de los contenidos incluidos, todo ello sin perjuicio de los derechos adquiridos hasta ese momento.<\/p>\n<h5 data-start=\"3890\" data-end=\"3914\">7. Responsabilidades<\/h5>\n<p data-start=\"3916\" data-end=\"4315\">Los enlaces contenidos en el Sitio Web pueden conducir a sitios web de terceros. El Titular no asume ninguna responsabilidad por los contenidos, informaciones o servicios que puedan aparecer en dichos sitios, que tendr\u00e1n exclusivamente car\u00e1cter informativo y en ning\u00fan caso implican relaci\u00f3n alguna entre el Titular y las personas o entidades titulares de tales contenidos o de los sitios enlazados.<\/p>\n<p data-start=\"4317\" data-end=\"4583\">El Titular no ser\u00e1 responsable en ning\u00fan caso de los da\u00f1os que puedan causarse por los Usuarios a este Sitio Web o a cualquier otro, como consecuencia de un uso ilegal o indebido del mismo, o de los contenidos e informaciones accesibles o facilitados a trav\u00e9s de \u00e9l.<\/p>\n<p data-start=\"4585\" data-end=\"4718\">El Titular no se hace responsable de las infracciones en las que puedan incurrir los Usuarios de su Sitio Web que afecten a terceros.<\/p>\n<p data-start=\"4720\" data-end=\"5001\">El Titular no garantiza la fiabilidad, disponibilidad ni continuidad de su Sitio Web ni de los servicios, por lo que el uso de los mismos por parte del Usuario se realiza bajo su exclusiva responsabilidad, sin que en ning\u00fan momento pueda exigirse responsabilidad alguna al Titular.<\/p>\n<p data-start=\"5003\" data-end=\"6104\">El Titular no ser\u00e1 responsable de las interrupciones del servicio, retrasos, mal funcionamiento y, en general, de cualquier inconveniente que tenga su origen en causas ajenas a su control y\/o debidas a la actuaci\u00f3n dolosa o negligente del Usuario y\/o que tengan su origen en supuestos de caso fortuito o fuerza mayor. A los efectos del presente Aviso Legal, se considerar\u00e1n incluidos en el concepto de fuerza mayor, adem\u00e1s de los recogidos en el art\u00edculo 1105 del C\u00f3digo Civil, todos aquellos acontecimientos ajenos al control del Titular, tales como fallos de terceros, operadores o compa\u00f1\u00edas de servicios, actos de Gobierno, falta de acceso a redes de terceros, actuaciones u omisiones de las autoridades p\u00fablicas, fen\u00f3menos naturales, cortes de suministro el\u00e9ctrico, ataques de hackers o terceros especializados en la seguridad o integridad del sistema inform\u00e1tico, siempre que el Titular haya adoptado las medidas de seguridad razonables conforme al estado de la t\u00e9cnica. En ning\u00fan caso el Titular asumir\u00e1 responsabilidad alguna por da\u00f1os directos o indirectos, da\u00f1os emergentes y\/o lucro cesante.<\/p>\n<p data-start=\"6106\" data-end=\"6715\">El Titular procurar\u00e1, en la medida de lo posible, la actualizaci\u00f3n y correcci\u00f3n de cualquier informaci\u00f3n alojada en su Sitio Web que no cumpla con las m\u00ednimas garant\u00edas de veracidad. No obstante, informa de que pueden existir errores de cualquier tipo sin intenci\u00f3n alguna, quedando el Usuario facultado para contrastar los contenidos. En este sentido, el Titular no tiene obligaci\u00f3n de controlar ni controla los contenidos transmitidos, difundidos o puestos a disposici\u00f3n por terceros a trav\u00e9s del Sitio Web, salvo en los casos en que as\u00ed lo exija la ley o una autoridad judicial o administrativa competente.<\/p>\n<p data-start=\"6717\" data-end=\"6863\">El Titular no se hace responsable del uso que terceros puedan hacer de este Sitio Web ni de las referencias que puedan existir en sitios externos.<\/p>\n<h5 data-start=\"6870\" data-end=\"6890\">8. Indemnizaci\u00f3n<\/h5>\n<p data-start=\"6892\" data-end=\"7226\">Los Usuarios mantendr\u00e1n indemne al Titular frente a cualquier reclamaci\u00f3n o demanda de terceros relacionada con las actividades promovidas dentro del Sitio Web o por el incumplimiento del presente Aviso Legal y dem\u00e1s pol\u00edticas que se entiendan incorporadas al mismo, o por la vulneraci\u00f3n de cualquier normativa o derechos de terceros.<\/p>\n<h5 data-start=\"7233\" data-end=\"7277\">9. Nulidad e ineficacia de las cl\u00e1usulas<\/h5>\n<p data-start=\"7279\" data-end=\"7703\">Si cualquier cl\u00e1usula incluida en el presente Aviso Legal o en el resto de textos legales e informativos del Sitio Web fuera declarada, total o parcialmente, nula o ineficaz, dicha nulidad o ineficacia afectar\u00e1 \u00fanicamente a dicha disposici\u00f3n o a la parte de la misma que resulte nula o ineficaz, subsistiendo el resto de condiciones en todos sus t\u00e9rminos, consider\u00e1ndose dicha disposici\u00f3n o la parte afectada como no puesta.<\/p>\n<h5 data-start=\"7710\" data-end=\"7732\">10. Notificaciones<\/h5>\n<p data-start=\"7734\" data-end=\"8249\">Todas las notificaciones, requerimientos, peticiones y otras comunicaciones que deban efectuarse entre las partes en relaci\u00f3n con el presente Aviso Legal o con los dem\u00e1s textos legales e informativos deber\u00e1n realizarse por escrito y se entender\u00e1n debidamente efectuadas cuando hayan sido entregadas en mano, enviadas por correo postal ordinario al domicilio de la otra parte, o a su direcci\u00f3n de correo electr\u00f3nico, o a cualquier otra direcci\u00f3n o correo electr\u00f3nico que cada parte indique a la otra a estos efectos.<\/p>\n<h5 data-start=\"8256\" data-end=\"8298\">11. Propiedad intelectual e industrial<\/h5>\n<p data-start=\"8300\" data-end=\"8766\">Los derechos de propiedad intelectual de este Sitio Web, su c\u00f3digo fuente, dise\u00f1o, estructuras de navegaci\u00f3n y los distintos elementos contenidos en el mismo son titularidad exclusiva del Titular, a quien corresponde el ejercicio exclusivo de los derechos de explotaci\u00f3n en cualquier forma y, en particular, los derechos de reproducci\u00f3n, distribuci\u00f3n, comunicaci\u00f3n p\u00fablica y transformaci\u00f3n, de conformidad con la legislaci\u00f3n espa\u00f1ola y de la Uni\u00f3n Europea aplicable.<\/p>\n<p data-start=\"8768\" data-end=\"9061\">Queda estrictamente prohibida la reproducci\u00f3n total o parcial de los contenidos de este Sitio Web sin el consentimiento expreso y por escrito del Titular. El uso no autorizado de dichos contenidos por cualquier otra persona o empresa dar\u00e1 lugar a las responsabilidades legalmente establecidas.<\/p>\n<p data-start=\"9063\" data-end=\"9494\">Queda prohibida cualquier forma de explotaci\u00f3n, incluyendo todo tipo de reproducci\u00f3n, distribuci\u00f3n, cesi\u00f3n a terceros, comunicaci\u00f3n p\u00fablica y transformaci\u00f3n, por cualquier soporte y medio, de las obras, creaciones y signos distintivos mencionados, sin la autorizaci\u00f3n previa y expresa de sus respectivos titulares. El incumplimiento de esta prohibici\u00f3n podr\u00e1 constituir una infracci\u00f3n sancionable conforme a la legislaci\u00f3n vigente.<\/p>\n<p data-start=\"9496\" data-end=\"9817\">Queda prohibido, salvo autorizaci\u00f3n expresa del Titular, presentar este Sitio Web o la informaci\u00f3n contenida en el mismo bajo marcos, signos distintivos, marcas o nombres comerciales de otra persona, empresa o entidad, incluyendo expresamente los contenidos fotogr\u00e1ficos que se consideran propiedad exclusiva del Titular.<\/p>\n<p data-start=\"9819\" data-end=\"10011\">La infracci\u00f3n de cualquiera de los derechos mencionados podr\u00e1 constituir una vulneraci\u00f3n de las presentes condiciones y un delito tipificado en los art\u00edculos 270 y siguientes del C\u00f3digo Penal.<\/p>\n<p data-start=\"10013\" data-end=\"10529\">Los Usuarios que remitan al Sitio Web observaciones, opiniones o comentarios a trav\u00e9s del servicio de correo electr\u00f3nico o por cualquier otro medio, cuando la naturaleza de los servicios lo permita, se entiende que autorizan al Titular a la reproducci\u00f3n, distribuci\u00f3n, comunicaci\u00f3n p\u00fablica, transformaci\u00f3n y ejercicio de cualquier otro derecho de explotaci\u00f3n de dichas aportaciones durante todo el tiempo de protecci\u00f3n legal y sin limitaci\u00f3n territorial, entendi\u00e9ndose dicha autorizaci\u00f3n concedida de forma gratuita.<\/p>\n<p data-start=\"10531\" data-end=\"10902\">El Titular advierte que no se hace responsable de los comentarios ni de cualquier tipo de aportaci\u00f3n de terceros que se muestren en el propio Sitio Web o en espacios externos enlazados, no manifestando en ning\u00fan caso la opini\u00f3n del Titular, y se reserva el derecho exclusivo de retirarlos cuando los considere inadecuados o contrarios a sus intereses o a los de terceros.<\/p>\n<p data-start=\"10904\" data-end=\"11154\">El Titular no se responsabiliza del uso que el Usuario haga de los servicios del Sitio Web ni del material que el Usuario incorpore en el mismo y que pueda infringir derechos de propiedad intelectual o industrial o cualquier otro derecho de terceros.<\/p>\n<h5 data-start=\"11161\" data-end=\"11181\">12. Jurisdicci\u00f3n<\/h5>\n<p data-start=\"11183\" data-end=\"11500\">Para cuantas cuestiones se susciten en relaci\u00f3n con la interpretaci\u00f3n, aplicaci\u00f3n y cumplimiento del presente Aviso Legal, as\u00ed como de las reclamaciones que puedan derivarse de su uso, las partes se someten a los Juzgados y Tribunales que correspondan conforme a la legislaci\u00f3n vigente y a su competencia territorial.<\/p>\n<\/div>\n<\/div>\n<\/div>\n<\/div>\n<div class=\"mt-3 w-full empty:hidden\">\n<div class=\"text-center\"><\/div>\n<\/div>\n<\/div>\n<\/div>\n<\/article>\n<\/div>\n<div class=\"pointer-events-none h-px w-px absolute bottom-0\" aria-hidden=\"true\" data-edge=\"true\"><\/div>\n","protected":false},"excerpt":{"rendered":"<p>1. Titularidad https:\/\/www.talat.es\/ es un dominio de Internet titularidad de ESTUDIS EFICIENTS D&#8217;ENGINYERIA 2009, S.L., con NIF B57606527, y domicilio en Calle Sa Coma, 2, 1\u00ba C, 07500 Manacor, Islas Baleares.TALAT: REGISTRO MERCANTIL DE BALEARES, TOMO 2377, FOLIO 184, LIBRO 0, HOJA N\u00ba PM-63656 (en adelante, el Titular). ESTUDIS EFICIENTS D&#8217;ENGINYERIA 2009, S.L. es una [&hellip;]<\/p>\n","protected":false},"author":1,"featured_media":0,"parent":0,"menu_order":0,"comment_status":"closed","ping_status":"closed","template":"","meta":{"footnotes":""},"class_list":["post-1349","page","type-page","status-publish","hentry"],"acf":[],"_links":{"self":[{"href":"https:\/\/w2.talat.es\/es\/wp-json\/wp\/v2\/pages\/1349","targetHints":{"allow":["GET"]}}],"collection":[{"href":"https:\/\/w2.talat.es\/es\/wp-json\/wp\/v2\/pages"}],"about":[{"href":"https:\/\/w2.talat.es\/es\/wp-json\/wp\/v2\/types\/page"}],"author":[{"embeddable":true,"href":"https:\/\/w2.talat.es\/es\/wp-json\/wp\/v2\/users\/1"}],"replies":[{"embeddable":true,"href":"https:\/\/w2.talat.es\/es\/wp-json\/wp\/v2\/comments?post=1349"}],"version-history":[{"count":3,"href":"https:\/\/w2.talat.es\/es\/wp-json\/wp\/v2\/pages\/1349\/revisions"}],"predecessor-version":[{"id":1666,"href":"https:\/\/w2.talat.es\/es\/wp-json\/wp\/v2\/pages\/1349\/revisions\/1666"}],"wp:attachment":[{"href":"https:\/\/w2.talat.es\/es\/wp-json\/wp\/v2\/media?parent=1349"}],"curies":[{"name":"wp","href":"https:\/\/api.w.org\/{rel}","templated":true}]}}